{"id":10,"date":"2014-11-06T21:56:14","date_gmt":"2014-11-06T21:56:14","guid":{"rendered":"http:\/\/suomenlahdenlaivastokilta.wordpress.com\/?page_id=10"},"modified":"2023-04-25T11:09:43","modified_gmt":"2023-04-25T08:09:43","slug":"aktiivista-merellista-toimintaa-killan-omalla-aluksella","status":"publish","type":"page","link":"https:\/\/www.suomenlahdenlaivastokilta.fi\/index.php\/aktiivista-merellista-toimintaa-killan-omalla-aluksella\/","title":{"rendered":"M\/S Kilstar"},"content":{"rendered":"<p><a href=\"https:\/\/www.suomenlahdenlaivastokilta.fi\/wp-content\/uploads\/2014\/11\/kilstar.jpg\"><img loading=\"lazy\" decoding=\"async\" class=\"alignnone size-medium wp-image-13\" src=\"https:\/\/www.suomenlahdenlaivastokilta.fi\/wp-content\/uploads\/2014\/11\/kilstar.jpg?w=300\" alt=\"kilstar\" width=\"300\" height=\"188\" srcset=\"https:\/\/www.suomenlahdenlaivastokilta.fi\/wp-content\/uploads\/2014\/11\/kilstar.jpg 700w, https:\/\/www.suomenlahdenlaivastokilta.fi\/wp-content\/uploads\/2014\/11\/kilstar-300x189.jpg 300w\" sizes=\"auto, (max-width: 300px) 100vw, 300px\" \/><\/a><\/p>\n<p>Suuri osa killan merellisest\u00e4 toiminnasta\u00a0tapahtuu M\/S Kilstarin ymp\u00e4rill\u00e4. Kun olet mukana Suomenlahden Laivastokillan toiminnassa, voit my\u00f6s kokea unohtumattomia merimatkoja ja merellisi\u00e4 el\u00e4myksi\u00e4 Kilstarin ainutlaatuisessa tunnelmassa.<\/p>\n<p><strong>M\/S Kilstar<\/strong><\/p>\n<p>Ter\u00e4srunkoinen entinen\u00a0merivoimien kuljetusalus (H-lk). Valmistusvuosi 1960.<\/p>\n<p>Alus siirtyi Suomenlahden Laivastokillan koulutusalukseksi v. 1991 ja on mukana Sinisen Reservin koulutusaluksena.<\/p>\n<p>Pituus: 18,0 m, leveys: 4,5 m, syv\u00e4ys: 1,4 m, uppouma : 27,5 tn, nopeus: 10 solmua<br \/>\nKone: Valmet 815D 180hv<br \/>\nNavigointi: Tutka, GPS, kartta Plotteri, AIS vastaanottava ja l\u00e4hett\u00e4v\u00e4<br \/>\nViestivarustelu: DSC VHF<br \/>\nMakuutilat 10 hengelle, keitti\u00f6 ja sosiaalitilat<br \/>\nKilstarin kotisatama on Pohjoisrannassa.<\/p>\n<p>Vuosittaiseen ohjelmaan kuuluu mm: kev\u00e4\u00e4n kunnostukset, sotilasmerenkulun koulutusta, navigointi- ja ajoharjoituksia. Viime vuosina Kilstar miehist\u00f6ineen on osallistunut Maanpuolustuskoulutusyhdistyksen (MPK) j\u00e4rjest\u00e4mien kurssien merikuljetuksiin. Vuonna 2013 Kilstar osallistui Tall Ship&#8217;s Races -tapahtuman j\u00e4rjestelyihin Helsingiss\u00e4 Merisotakoulun alaisuudessa.<\/p>\n","protected":false},"excerpt":{"rendered":"<p>Suuri osa killan merellisest\u00e4 toiminnasta\u00a0tapahtuu M\/S Kilstarin ymp\u00e4rill\u00e4. Kun olet mukana Suomenlahden Laivastokillan toiminnassa, voit my\u00f6s kokea unohtumattomia merimatkoja ja merellisi\u00e4 el\u00e4myksi\u00e4 Kilstarin ainutlaatuisessa tunnelmassa. M\/S Kilstar Ter\u00e4srunkoinen entinen\u00a0merivoimien kuljetusalus (H-lk). Valmistusvuosi 1960. Alus siirtyi Suomenlahden Laivastokillan koulutusalukseksi v. 1991 ja on mukana Sinisen Reservin koulutusaluksena. Pituus: 18,0 m, leveys: 4,5 m, syv\u00e4ys: 1,4 m, [&hellip;]<\/p>\n","protected":false},"author":1,"featured_media":0,"parent":0,"menu_order":0,"comment_status":"closed","ping_status":"open","template":"","meta":{"footnotes":""},"class_list":["post-10","page","type-page","status-publish","hentry"],"jetpack_sharing_enabled":false,"_links":{"self":[{"href":"https:\/\/www.suomenlahdenlaivastokilta.fi\/index.php\/wp-json\/wp\/v2\/pages\/10","targetHints":{"allow":["GET"]}}],"collection":[{"href":"https:\/\/www.suomenlahdenlaivastokilta.fi\/index.php\/wp-json\/wp\/v2\/pages"}],"about":[{"href":"https:\/\/www.suomenlahdenlaivastokilta.fi\/index.php\/wp-json\/wp\/v2\/types\/page"}],"author":[{"embeddable":true,"href":"https:\/\/www.suomenlahdenlaivastokilta.fi\/index.php\/wp-json\/wp\/v2\/users\/1"}],"replies":[{"embeddable":true,"href":"https:\/\/www.suomenlahdenlaivastokilta.fi\/index.php\/wp-json\/wp\/v2\/comments?post=10"}],"version-history":[{"count":4,"href":"https:\/\/www.suomenlahdenlaivastokilta.fi\/index.php\/wp-json\/wp\/v2\/pages\/10\/revisions"}],"predecessor-version":[{"id":496,"href":"https:\/\/www.suomenlahdenlaivastokilta.fi\/index.php\/wp-json\/wp\/v2\/pages\/10\/revisions\/496"}],"wp:attachment":[{"href":"https:\/\/www.suomenlahdenlaivastokilta.fi\/index.php\/wp-json\/wp\/v2\/media?parent=10"}],"curies":[{"name":"wp","href":"https:\/\/api.w.org\/{rel}","templated":true}]}}