{"id":308,"date":"2014-11-06T20:16:32","date_gmt":"2014-11-06T20:16:32","guid":{"rendered":"http:\/\/suomenlahdenlaivastokilta.wordpress.com\/?page_id=1"},"modified":"2023-02-27T17:06:16","modified_gmt":"2023-02-27T15:06:16","slug":"about","status":"publish","type":"page","link":"https:\/\/www.suomenlahdenlaivastokilta.fi\/","title":{"rendered":"Tervetuloa Suomenlahden Laivastokillan sivuille!"},"content":{"rendered":"<p><span style=\"font-family: arial, helvetica, sans-serif;\">Suomenlahden Laivastokilta on sukupuoleen, ik\u00e4\u00e4n tai sotilasarvoon katsomatta kaikkien j\u00e4sentens\u00e4 merihenkinen, aatteellinen ja toiminnallinen yhteis\u00f6, jonka toiminnan peruspilarit ovat maanpuolustustahto, laivaston perinne ja Merivoimat.<\/span><\/p>\n<p><span style=\"font-family: arial, helvetica, sans-serif;\">Kilta yll\u00e4pit\u00e4\u00e4 maanpuolustustahtoa ja vaalii sotaveteraanien perinnett\u00e4, eritoten laivaston ja Merivoimien perinteit\u00e4. Kilta ohjaa j\u00e4seni\u00e4\u00e4n yll\u00e4pit\u00e4m\u00e4\u00e4n merellisi\u00e4 ja sotilaallisia taitoja ja tietoja. Kilta tiedottaa j\u00e4senilleen maanpuolustuksesta, kiltatoiminnasta ja Merivoimista. Suomenlahden Laivastokilta on Maanpuolustuskiltojen liiton, Etel\u00e4-Suomen Kiltapiirin sek\u00e4 Sinisen Reservin j\u00e4sen. <\/span><\/p>\n<p><span style=\"font-family: arial, helvetica, sans-serif;\">Suomenlahden Laivastokilta on Suomen suurin laivastokilta, jonka j\u00e4senin\u00e4 on t\u00e4ll\u00e4 hetkell\u00e4 l\u00e4hes 200 merihenkist\u00e4 kiltalaista.<\/span><\/p>\n","protected":false},"excerpt":{"rendered":"<p>Suomenlahden Laivastokilta on sukupuoleen, ik\u00e4\u00e4n tai sotilasarvoon katsomatta kaikkien j\u00e4sentens\u00e4 merihenkinen, aatteellinen ja toiminnallinen yhteis\u00f6, jonka toiminnan peruspilarit ovat maanpuolustustahto, laivaston perinne ja Merivoimat. Kilta yll\u00e4pit\u00e4\u00e4 maanpuolustustahtoa ja vaalii sotaveteraanien perinnett\u00e4, eritoten laivaston ja Merivoimien perinteit\u00e4. Kilta ohjaa j\u00e4seni\u00e4\u00e4n yll\u00e4pit\u00e4m\u00e4\u00e4n merellisi\u00e4 ja sotilaallisia taitoja ja tietoja. Kilta tiedottaa j\u00e4senilleen maanpuolustuksesta, kiltatoiminnasta ja Merivoimista. Suomenlahden Laivastokilta [&hellip;]<\/p>\n","protected":false},"author":1,"featured_media":0,"parent":0,"menu_order":0,"comment_status":"closed","ping_status":"open","template":"","meta":{"footnotes":""},"class_list":["post-308","page","type-page","status-publish","hentry"],"jetpack_sharing_enabled":false,"_links":{"self":[{"href":"https:\/\/www.suomenlahdenlaivastokilta.fi\/index.php\/wp-json\/wp\/v2\/pages\/308","targetHints":{"allow":["GET"]}}],"collection":[{"href":"https:\/\/www.suomenlahdenlaivastokilta.fi\/index.php\/wp-json\/wp\/v2\/pages"}],"about":[{"href":"https:\/\/www.suomenlahdenlaivastokilta.fi\/index.php\/wp-json\/wp\/v2\/types\/page"}],"author":[{"embeddable":true,"href":"https:\/\/www.suomenlahdenlaivastokilta.fi\/index.php\/wp-json\/wp\/v2\/users\/1"}],"replies":[{"embeddable":true,"href":"https:\/\/www.suomenlahdenlaivastokilta.fi\/index.php\/wp-json\/wp\/v2\/comments?post=308"}],"version-history":[{"count":2,"href":"https:\/\/www.suomenlahdenlaivastokilta.fi\/index.php\/wp-json\/wp\/v2\/pages\/308\/revisions"}],"predecessor-version":[{"id":426,"href":"https:\/\/www.suomenlahdenlaivastokilta.fi\/index.php\/wp-json\/wp\/v2\/pages\/308\/revisions\/426"}],"wp:attachment":[{"href":"https:\/\/www.suomenlahdenlaivastokilta.fi\/index.php\/wp-json\/wp\/v2\/media?parent=308"}],"curies":[{"name":"wp","href":"https:\/\/api.w.org\/{rel}","templated":true}]}}