{"id":309,"date":"2014-11-06T21:55:38","date_gmt":"2014-11-06T21:55:38","guid":{"rendered":"http:\/\/suomenlahdenlaivastokilta.wordpress.com\/?page_id=6"},"modified":"2023-02-28T20:48:53","modified_gmt":"2023-02-28T18:48:53","slug":"toiminta","status":"publish","type":"page","link":"https:\/\/www.suomenlahdenlaivastokilta.fi\/index.php\/toiminta\/","title":{"rendered":"Toiminta"},"content":{"rendered":"<p><strong>Kiltatoiminta<br \/>\n<\/strong><span style=\"font-size: small;\"><span style=\"font-size: small;\">Kilta j\u00e4rjest\u00e4\u00e4 esitelm\u00e4tilaisuuksia ja tutustumisk\u00e4yntej\u00e4. Niiden teemoina on p\u00e4\u00e4asiassa maanpuolustus, merenkulku ja merivoimat. Merenkulun harrastamisesta kiinnostuneet j\u00e4senet ovat tervetulleita m\/s Kilstarin miehist\u00f6\u00f6n ja aluksen kes\u00e4isiin harjoitusajoihin. Killan j\u00e4seni\u00e4 rohkaistaan osallistumaan Maanpuolustuskoulutusyhdistyksen (MPK) j\u00e4rjest\u00e4mille kursseille sek\u00e4 Maanpuolustuskiltojen liiton ja Etel\u00e4-Suomen kiltapiirin j\u00e4rjest\u00e4m\u00e4\u00e4n toimintaan. Kilta palkitsee muistoristill\u00e4 jokaisesta koulutuser\u00e4st\u00e4 muutamia hyvin palvelleita laivastojoukkojen merisotilaita Upinniemen varuskunnassa.<\/span><\/span><\/p>\n<p><a href=\"https:\/\/www.suomenlahdenlaivastokilta.fi\/wp-content\/uploads\/2014\/11\/kuva6.jpg\"><img loading=\"lazy\" decoding=\"async\" class=\"alignnone size-medium wp-image-47\" src=\"https:\/\/www.suomenlahdenlaivastokilta.fi\/wp-content\/uploads\/2014\/11\/kuva6.jpg?w=300\" alt=\"Kuva6\" width=\"300\" height=\"225\" srcset=\"https:\/\/www.suomenlahdenlaivastokilta.fi\/wp-content\/uploads\/2014\/11\/kuva6.jpg 2048w, https:\/\/www.suomenlahdenlaivastokilta.fi\/wp-content\/uploads\/2014\/11\/kuva6-300x225.jpg 300w, https:\/\/www.suomenlahdenlaivastokilta.fi\/wp-content\/uploads\/2014\/11\/kuva6-1024x768.jpg 1024w, https:\/\/www.suomenlahdenlaivastokilta.fi\/wp-content\/uploads\/2014\/11\/kuva6-768x576.jpg 768w, https:\/\/www.suomenlahdenlaivastokilta.fi\/wp-content\/uploads\/2014\/11\/kuva6-1536x1152.jpg 1536w\" sizes=\"auto, (max-width: 300px) 100vw, 300px\" \/><\/a><\/p>\n<p><strong>Tiedotusta ja yhteistoimintaa<br \/>\n<\/strong><span style=\"font-size: small;\"><span style=\"font-size: small;\">Killan j\u00e4senet saavat j\u00e4senetuna killan oman lehden Ankkurinapin, sek\u00e4 Maanpuolustuskiltojen liiton Maanpuolustaja-lehden. N\u00e4iss\u00e4 lehdiss\u00e4 tiedotetaan my\u00f6s yhteisist\u00e4 tapahtumista. Kilta on Sininen Reservi ry:n ja Maanpuolustuskiltojen liitto ry:n j\u00e4sen.<\/span><\/span><\/p>\n","protected":false},"excerpt":{"rendered":"<p>Kiltatoiminta Kilta j\u00e4rjest\u00e4\u00e4 esitelm\u00e4tilaisuuksia ja tutustumisk\u00e4yntej\u00e4. Niiden teemoina on p\u00e4\u00e4asiassa maanpuolustus, merenkulku ja merivoimat. Merenkulun harrastamisesta kiinnostuneet j\u00e4senet ovat tervetulleita m\/s Kilstarin miehist\u00f6\u00f6n ja aluksen kes\u00e4isiin harjoitusajoihin. Killan j\u00e4seni\u00e4 rohkaistaan osallistumaan Maanpuolustuskoulutusyhdistyksen (MPK) j\u00e4rjest\u00e4mille kursseille sek\u00e4 Maanpuolustuskiltojen liiton ja Etel\u00e4-Suomen kiltapiirin j\u00e4rjest\u00e4m\u00e4\u00e4n toimintaan. Kilta palkitsee muistoristill\u00e4 jokaisesta koulutuser\u00e4st\u00e4 muutamia hyvin palvelleita laivastojoukkojen merisotilaita Upinniemen varuskunnassa. [&hellip;]<\/p>\n","protected":false},"author":1,"featured_media":0,"parent":0,"menu_order":1,"comment_status":"closed","ping_status":"open","template":"","meta":{"footnotes":""},"class_list":["post-309","page","type-page","status-publish","hentry"],"jetpack_sharing_enabled":false,"_links":{"self":[{"href":"https:\/\/www.suomenlahdenlaivastokilta.fi\/index.php\/wp-json\/wp\/v2\/pages\/309","targetHints":{"allow":["GET"]}}],"collection":[{"href":"https:\/\/www.suomenlahdenlaivastokilta.fi\/index.php\/wp-json\/wp\/v2\/pages"}],"about":[{"href":"https:\/\/www.suomenlahdenlaivastokilta.fi\/index.php\/wp-json\/wp\/v2\/types\/page"}],"author":[{"embeddable":true,"href":"https:\/\/www.suomenlahdenlaivastokilta.fi\/index.php\/wp-json\/wp\/v2\/users\/1"}],"replies":[{"embeddable":true,"href":"https:\/\/www.suomenlahdenlaivastokilta.fi\/index.php\/wp-json\/wp\/v2\/comments?post=309"}],"version-history":[{"count":3,"href":"https:\/\/www.suomenlahdenlaivastokilta.fi\/index.php\/wp-json\/wp\/v2\/pages\/309\/revisions"}],"predecessor-version":[{"id":440,"href":"https:\/\/www.suomenlahdenlaivastokilta.fi\/index.php\/wp-json\/wp\/v2\/pages\/309\/revisions\/440"}],"wp:attachment":[{"href":"https:\/\/www.suomenlahdenlaivastokilta.fi\/index.php\/wp-json\/wp\/v2\/media?parent=309"}],"curies":[{"name":"wp","href":"https:\/\/api.w.org\/{rel}","templated":true}]}}