{"id":38,"date":"2014-11-07T19:35:06","date_gmt":"2014-11-07T19:35:06","guid":{"rendered":"http:\/\/suomenlahdenlaivastokilta.wordpress.com\/?page_id=38"},"modified":"2023-04-15T11:33:42","modified_gmt":"2023-04-15T08:33:42","slug":"ankkurinappi","status":"publish","type":"page","link":"https:\/\/www.suomenlahdenlaivastokilta.fi\/index.php\/ankkurinappi\/","title":{"rendered":"Ankkurinappi"},"content":{"rendered":"<p>Suomenlahden Laivastokilta julkaisee Ankkurinappi-j\u00e4senlehte\u00e4, joka postitetaan j\u00e4senille kaksi kertaa vuodessa. Tuorein lehti on vain j\u00e4senten luettavissa, mutta alla olevia kuvia klikkaamalla voit lukea lehden vanhempia numeroita vuodesta 2009 alkaen. Mukavia lukuhetki\u00e4!<\/p>\n<hr \/>\n<p style=\"text-align: center;\"><strong>2015<\/strong><\/p>\n<div id=\"attachment_298\" style=\"width: 108px\" class=\"wp-caption aligncenter\"><a href=\"https:\/\/issuu.com\/helsinginlaivastokilta\/docs\/ankkuri_kev__t_2015\" target=\"_blank\" rel=\"noopener\"><img loading=\"lazy\" decoding=\"async\" aria-describedby=\"caption-attachment-298\" class=\"  wp-image-298 aligncenter\" src=\"https:\/\/www.suomenlahdenlaivastokilta.fi\/wp-content\/uploads\/2016\/04\/ankkuri-kevacc88t-2015.png\" alt=\"Ankkuri keva\u0308t 2015\" width=\"98\" height=\"139\" srcset=\"https:\/\/www.suomenlahdenlaivastokilta.fi\/wp-content\/uploads\/2016\/04\/ankkuri-kevacc88t-2015.png 1240w, https:\/\/www.suomenlahdenlaivastokilta.fi\/wp-content\/uploads\/2016\/04\/ankkuri-kevacc88t-2015-212x300.png 212w, https:\/\/www.suomenlahdenlaivastokilta.fi\/wp-content\/uploads\/2016\/04\/ankkuri-kevacc88t-2015-724x1024.png 724w, https:\/\/www.suomenlahdenlaivastokilta.fi\/wp-content\/uploads\/2016\/04\/ankkuri-kevacc88t-2015-768x1086.png 768w, https:\/\/www.suomenlahdenlaivastokilta.fi\/wp-content\/uploads\/2016\/04\/ankkuri-kevacc88t-2015-1086x1536.png 1086w\" sizes=\"auto, (max-width: 98px) 100vw, 98px\" \/><\/a><p id=\"caption-attachment-298\" class=\"wp-caption-text\">1\/2015<\/p><\/div>\n<div id=\"attachment_297\" style=\"width: 108px\" class=\"wp-caption aligncenter\"><a href=\"https:\/\/issuu.com\/helsinginlaivastokilta\/docs\/ankkuri_syksy_2015\" target=\"_blank\" rel=\"noopener\"><img loading=\"lazy\" decoding=\"async\" aria-describedby=\"caption-attachment-297\" class=\"  wp-image-297 aligncenter\" src=\"https:\/\/www.suomenlahdenlaivastokilta.fi\/wp-content\/uploads\/2016\/04\/ankkuri-syksy-2015.png\" alt=\"Ankkuri syksy 2015\" width=\"98\" height=\"139\" srcset=\"https:\/\/www.suomenlahdenlaivastokilta.fi\/wp-content\/uploads\/2016\/04\/ankkuri-syksy-2015.png 1240w, https:\/\/www.suomenlahdenlaivastokilta.fi\/wp-content\/uploads\/2016\/04\/ankkuri-syksy-2015-212x300.png 212w, https:\/\/www.suomenlahdenlaivastokilta.fi\/wp-content\/uploads\/2016\/04\/ankkuri-syksy-2015-724x1024.png 724w, https:\/\/www.suomenlahdenlaivastokilta.fi\/wp-content\/uploads\/2016\/04\/ankkuri-syksy-2015-768x1086.png 768w, https:\/\/www.suomenlahdenlaivastokilta.fi\/wp-content\/uploads\/2016\/04\/ankkuri-syksy-2015-1086x1536.png 1086w\" sizes=\"auto, (max-width: 98px) 100vw, 98px\" \/><\/a><p id=\"caption-attachment-297\" class=\"wp-caption-text\">2\/2015<\/p><\/div>\n<hr \/>\n<p style=\"text-align: center;\"><strong>2014<\/strong><\/p>\n<div id=\"attachment_115\" style=\"width: 108px\" class=\"wp-caption aligncenter\"><a href=\"http:\/\/issuu.com\/helsinginlaivastokilta\/docs\/ankkuri_keva__t_2014\" target=\"_blank\" rel=\"noopener\"><img loading=\"lazy\" decoding=\"async\" aria-describedby=\"caption-attachment-115\" class=\"size-full wp-image-115\" src=\"https:\/\/www.suomenlahdenlaivastokilta.fi\/wp-content\/uploads\/2014\/12\/2014k.png\" alt=\"1\/2014\" width=\"98\" height=\"138\" \/><\/a><p id=\"caption-attachment-115\" class=\"wp-caption-text\">1\/2014<\/p><\/div>\n<div id=\"attachment_121\" style=\"width: 108px\" class=\"wp-caption aligncenter\"><a href=\"http:\/\/issuu.com\/helsinginlaivastokilta\/docs\/ankkuri_syksy_2014\"><img loading=\"lazy\" decoding=\"async\" aria-describedby=\"caption-attachment-121\" class=\"size-full wp-image-121\" src=\"https:\/\/www.suomenlahdenlaivastokilta.fi\/wp-content\/uploads\/2014\/12\/2014s.png\" alt=\"2\/2014\" width=\"98\" height=\"138\" \/><\/a><p id=\"caption-attachment-121\" class=\"wp-caption-text\">2\/2014<\/p><\/div>\n<hr \/>\n<p style=\"text-align: center;\"><strong>2013<\/strong><\/p>\n<div id=\"attachment_114\" style=\"width: 108px\" class=\"wp-caption aligncenter\"><a href=\"http:\/\/issuu.com\/helsinginlaivastokilta\/docs\/ankkuri_keva__t_2013\" target=\"_blank\" rel=\"noopener\"><img loading=\"lazy\" decoding=\"async\" aria-describedby=\"caption-attachment-114\" class=\"size-full wp-image-114\" src=\"https:\/\/www.suomenlahdenlaivastokilta.fi\/wp-content\/uploads\/2014\/12\/2013k.png\" alt=\"1\/2013\" width=\"98\" height=\"138\" \/><\/a><p id=\"caption-attachment-114\" class=\"wp-caption-text\">1\/2013<\/p><\/div>\n<div id=\"attachment_120\" style=\"width: 108px\" class=\"wp-caption aligncenter\"><a href=\"http:\/\/issuu.com\/helsinginlaivastokilta\/docs\/ankkuri_syksy_2013\" target=\"_blank\" rel=\"noopener\"><img loading=\"lazy\" decoding=\"async\" aria-describedby=\"caption-attachment-120\" class=\"size-full wp-image-120\" src=\"https:\/\/www.suomenlahdenlaivastokilta.fi\/wp-content\/uploads\/2014\/12\/2013s.png\" alt=\"2\/2013\" width=\"98\" height=\"138\" \/><\/a><p id=\"caption-attachment-120\" class=\"wp-caption-text\">2\/2013<\/p><\/div>\n<hr \/>\n<p style=\"text-align: center;\"><strong>2012<\/strong><\/p>\n<div id=\"attachment_113\" style=\"width: 108px\" class=\"wp-caption aligncenter\"><a href=\"http:\/\/issuu.com\/helsinginlaivastokilta\/docs\/ankkuri_keva__t_2012\" target=\"_blank\" rel=\"noopener\"><img loading=\"lazy\" decoding=\"async\" aria-describedby=\"caption-attachment-113\" class=\"size-full wp-image-113\" src=\"https:\/\/www.suomenlahdenlaivastokilta.fi\/wp-content\/uploads\/2014\/12\/2012k.png\" alt=\"1\/2012\" width=\"98\" height=\"138\" \/><\/a><p id=\"caption-attachment-113\" class=\"wp-caption-text\">1\/2012<\/p><\/div>\n<div id=\"attachment_119\" style=\"width: 108px\" class=\"wp-caption aligncenter\"><a href=\"http:\/\/issuu.com\/helsinginlaivastokilta\/docs\/ankkuri_syksy_2012\" target=\"_blank\" rel=\"noopener\"><img loading=\"lazy\" decoding=\"async\" aria-describedby=\"caption-attachment-119\" class=\"size-full wp-image-119\" src=\"https:\/\/www.suomenlahdenlaivastokilta.fi\/wp-content\/uploads\/2014\/12\/2012s.png\" alt=\"2\/2012\" width=\"98\" height=\"138\" \/><\/a><p id=\"caption-attachment-119\" class=\"wp-caption-text\">2\/2012<\/p><\/div>\n<hr \/>\n<p style=\"text-align: center;\"><strong>2011<\/strong><\/p>\n<div id=\"attachment_112\" style=\"width: 108px\" class=\"wp-caption aligncenter\"><a href=\"http:\/\/issuu.com\/helsinginlaivastokilta\/docs\/ankkuri_keva__t_2011\" target=\"_blank\" rel=\"noopener\"><img loading=\"lazy\" decoding=\"async\" aria-describedby=\"caption-attachment-112\" class=\"size-full wp-image-112\" src=\"https:\/\/www.suomenlahdenlaivastokilta.fi\/wp-content\/uploads\/2014\/12\/2011k.png\" alt=\"1\/2011\" width=\"98\" height=\"138\" \/><\/a><p id=\"caption-attachment-112\" class=\"wp-caption-text\">1\/2011<\/p><\/div>\n<div id=\"attachment_118\" style=\"width: 108px\" class=\"wp-caption aligncenter\"><a href=\"http:\/\/issuu.com\/helsinginlaivastokilta\/docs\/ankkuri_syksy_2011\" target=\"_blank\" rel=\"noopener\"><img loading=\"lazy\" decoding=\"async\" aria-describedby=\"caption-attachment-118\" class=\"size-full wp-image-118\" src=\"https:\/\/www.suomenlahdenlaivastokilta.fi\/wp-content\/uploads\/2014\/12\/2011s.png\" alt=\"2\/2012\" width=\"98\" height=\"138\" \/><\/a><p id=\"caption-attachment-118\" class=\"wp-caption-text\">2\/2011<\/p><\/div>\n<hr \/>\n<p style=\"text-align: center;\"><strong>2010<\/strong><\/p>\n<div id=\"attachment_111\" style=\"width: 108px\" class=\"wp-caption aligncenter\"><a href=\"http:\/\/issuu.com\/helsinginlaivastokilta\/docs\/ankkuri_keva__t_2010\" target=\"_blank\" rel=\"noopener\"><img loading=\"lazy\" decoding=\"async\" aria-describedby=\"caption-attachment-111\" class=\"size-full wp-image-111\" src=\"https:\/\/www.suomenlahdenlaivastokilta.fi\/wp-content\/uploads\/2014\/12\/2010k.png\" alt=\"1\/2010\" width=\"98\" height=\"138\" \/><\/a><p id=\"caption-attachment-111\" class=\"wp-caption-text\">1\/2010<\/p><\/div>\n<div id=\"attachment_117\" style=\"width: 108px\" class=\"wp-caption aligncenter\"><a href=\"http:\/\/issuu.com\/helsinginlaivastokilta\/docs\/ankkuri_syksy_2010\" target=\"_blank\" rel=\"noopener\"><img loading=\"lazy\" decoding=\"async\" aria-describedby=\"caption-attachment-117\" class=\"size-full wp-image-117\" src=\"https:\/\/www.suomenlahdenlaivastokilta.fi\/wp-content\/uploads\/2014\/12\/2010s.png\" alt=\"2\/2010\" width=\"98\" height=\"138\" \/><\/a><p id=\"caption-attachment-117\" class=\"wp-caption-text\">2\/2010<\/p><\/div>\n<hr \/>\n<p style=\"text-align: center;\"><strong>2009<\/strong><\/p>\n<div id=\"attachment_183\" style=\"width: 108px\" class=\"wp-caption aligncenter\"><a href=\"http:\/\/issuu.com\/helsinginlaivastokilta\/docs\/ankkurinappi_keva__t_2009\"><img loading=\"lazy\" decoding=\"async\" aria-describedby=\"caption-attachment-183\" class=\"wp-image-183\" src=\"https:\/\/www.suomenlahdenlaivastokilta.fi\/wp-content\/uploads\/2015\/03\/ankkurinappi_kevacc88t_2009-1.gif?w=220\" alt=\"Ankkurinappi_keva\u0308t_2009-1\" width=\"98\" height=\"133\" \/><\/a><p id=\"caption-attachment-183\" class=\"wp-caption-text\">1\/2009<\/p><\/div>\n<div id=\"attachment_116\" style=\"width: 108px\" class=\"wp-caption aligncenter\"><a href=\"http:\/\/issuu.com\/helsinginlaivastokilta\/docs\/ankkuri_syksy_2009\" target=\"_blank\" rel=\"noopener\"><img loading=\"lazy\" decoding=\"async\" aria-describedby=\"caption-attachment-116\" class=\"size-full wp-image-116\" src=\"https:\/\/www.suomenlahdenlaivastokilta.fi\/wp-content\/uploads\/2014\/12\/2009s.png\" alt=\"2\/2009\" width=\"98\" height=\"138\" \/><\/a><p id=\"caption-attachment-116\" class=\"wp-caption-text\">2\/2009<\/p><\/div>\n<hr \/>\n<p>Uusimman Maanpuolustaja-lehden voit lukea <a href=\"https:\/\/mpkl.fi\/maanpuolustaja-lehti\/\" target=\"_blank\" rel=\"noopener\">t\u00e4\u00e4lt\u00e4<\/a>.<\/p>\n<p>Uusimman Rannikon puolustaja -lehden voit lukea <a href=\"http:\/\/www.rannikonpuolustaja.fi\/\" target=\"_blank\" rel=\"noopener\">t\u00e4\u00e4lt\u00e4<\/a>.<\/p>\n","protected":false},"excerpt":{"rendered":"<p>Suomenlahden Laivastokilta julkaisee Ankkurinappi-j\u00e4senlehte\u00e4, joka postitetaan j\u00e4senille kaksi kertaa vuodessa. Tuorein lehti on vain j\u00e4senten luettavissa, mutta alla olevia kuvia klikkaamalla voit lukea lehden vanhempia numeroita vuodesta 2009 alkaen. Mukavia lukuhetki\u00e4! 2015 2014 2013 2012 2011 2010 2009 Uusimman Maanpuolustaja-lehden voit lukea t\u00e4\u00e4lt\u00e4. Uusimman Rannikon puolustaja -lehden voit lukea t\u00e4\u00e4lt\u00e4.<\/p>\n","protected":false},"author":1,"featured_media":0,"parent":0,"menu_order":0,"comment_status":"closed","ping_status":"open","template":"","meta":{"footnotes":""},"class_list":["post-38","page","type-page","status-publish","hentry"],"jetpack_sharing_enabled":true,"_links":{"self":[{"href":"https:\/\/www.suomenlahdenlaivastokilta.fi\/index.php\/wp-json\/wp\/v2\/pages\/38","targetHints":{"allow":["GET"]}}],"collection":[{"href":"https:\/\/www.suomenlahdenlaivastokilta.fi\/index.php\/wp-json\/wp\/v2\/pages"}],"about":[{"href":"https:\/\/www.suomenlahdenlaivastokilta.fi\/index.php\/wp-json\/wp\/v2\/types\/page"}],"author":[{"embeddable":true,"href":"https:\/\/www.suomenlahdenlaivastokilta.fi\/index.php\/wp-json\/wp\/v2\/users\/1"}],"replies":[{"embeddable":true,"href":"https:\/\/www.suomenlahdenlaivastokilta.fi\/index.php\/wp-json\/wp\/v2\/comments?post=38"}],"version-history":[{"count":3,"href":"https:\/\/www.suomenlahdenlaivastokilta.fi\/index.php\/wp-json\/wp\/v2\/pages\/38\/revisions"}],"predecessor-version":[{"id":505,"href":"https:\/\/www.suomenlahdenlaivastokilta.fi\/index.php\/wp-json\/wp\/v2\/pages\/38\/revisions\/505"}],"wp:attachment":[{"href":"https:\/\/www.suomenlahdenlaivastokilta.fi\/index.php\/wp-json\/wp\/v2\/media?parent=38"}],"curies":[{"name":"wp","href":"https:\/\/api.w.org\/{rel}","templated":true}]}}